{"id":6111,"date":"2020-05-08T21:29:00","date_gmt":"2020-05-08T21:29:00","guid":{"rendered":"https:\/\/flavoureat.sushigourmet.eu\/mentions-legales\/"},"modified":"2022-12-09T15:35:09","modified_gmt":"2022-12-09T15:35:09","slug":"menciones-legales","status":"publish","type":"page","link":"https:\/\/flavoureat.eu\/es\/menciones-legales\/","title":{"rendered":"Menciones legales"},"content":{"rendered":"\n<p>Este sitio (el \u00abSitio\u00bb) es publicado por Hana Group SAS con un capital de 32&nbsp;966&nbsp;867,44 euros, registrado en el Registro Mercantil y de Empresas de Nanterre con el n\u00famero 810&nbsp;668 145, cuyo domicilio social se encuentra en 101-109 rue Jean Jaur\u00e8s, 92300 Levallois-Perret, Francia. Tel\u00e9fono: + 33 1 84 76 02 80.<\/p>\n\n\n\n<p>El Director de Publicaciones del Sitio es: Eduardo ROMERO.<\/p>\n\n\n\n<p>El Sitio est\u00e1 alojado por KISTA Inc., cuya oficina central est\u00e1 ubicada en 8605 Santa Monica Blvd #92581, West Hollywood, CA 90069, EE. UU. Tel\u00e9fono: +44 20 3239 3173.<\/p>\n","protected":false},"excerpt":{"rendered":"<p>Este sitio (el \u00abSitio\u00bb) es publicado por Hana Group SAS con un capital de 32&nbsp;966&nbsp;867,44 euros, registrado en el Registro Mercantil y de Empresas de Nanterre con el n\u00famero 810&nbsp;668 145, cuyo domicilio social se encuentra en 101-109 rue Jean Jaur\u00e8s, 92300 Levallois-Perret, Francia. Tel\u00e9fono: + 33 1 84 76 02 80. El Director de [&hellip;]<\/p>\n","protected":false},"author":1,"featured_media":0,"parent":0,"menu_order":0,"comment_status":"closed","ping_status":"closed","template":"","meta":{"_acf_changed":false,"footnotes":""},"class_list":["post-6111","page","type-page","status-publish","hentry"],"acf":[],"yoast_head":"<!-- This site is optimized with the Yoast SEO plugin v22.1 - https:\/\/yoast.com\/wordpress\/plugins\/seo\/ -->\n<title>Menciones legales - Flavour Eat<\/title>\n<meta name=\"robots\" content=\"index, follow, max-snippet:-1, max-image-preview:large, max-video-preview:-1\" \/>\n<link rel=\"canonical\" href=\"https:\/\/flavoureat.eu\/es\/menciones-legales\/\" \/>\n<meta property=\"og:locale\" content=\"es_ES\" \/>\n<meta property=\"og:type\" content=\"article\" \/>\n<meta property=\"og:title\" content=\"Menciones legales - Flavour Eat\" \/>\n<meta property=\"og:description\" content=\"Este sitio (el \u00abSitio\u00bb) es publicado por Hana Group SAS con un capital de 32&nbsp;966&nbsp;867,44 euros, registrado en el Registro Mercantil y de Empresas de Nanterre con el n\u00famero 810&nbsp;668 145, cuyo domicilio social se encuentra en 101-109 rue Jean Jaur\u00e8s, 92300 Levallois-Perret, Francia. Tel\u00e9fono: + 33 1 84 76 02 80. El Director de [&hellip;]\" \/>\n<meta property=\"og:url\" content=\"https:\/\/flavoureat.eu\/es\/menciones-legales\/\" \/>\n<meta property=\"og:site_name\" content=\"Flavour Eat\" \/>\n<meta property=\"article:modified_time\" content=\"2022-12-09T15:35:09+00:00\" \/>\n<meta name=\"twitter:card\" content=\"summary_large_image\" \/>\n<meta name=\"twitter:label1\" content=\"Est. reading time\" \/>\n\t<meta name=\"twitter:data1\" content=\"1 minuto\" \/>\n<script type=\"application\/ld+json\" class=\"yoast-schema-graph\">{\"@context\":\"https:\/\/schema.org\",\"@graph\":[{\"@type\":\"WebPage\",\"@id\":\"https:\/\/flavoureat.eu\/es\/menciones-legales\/\",\"url\":\"https:\/\/flavoureat.eu\/es\/menciones-legales\/\",\"name\":\"Menciones legales - Flavour Eat\",\"isPartOf\":{\"@id\":\"https:\/\/flavoureat.eu\/#website\"},\"datePublished\":\"2020-05-08T21:29:00+00:00\",\"dateModified\":\"2022-12-09T15:35:09+00:00\",\"breadcrumb\":{\"@id\":\"https:\/\/flavoureat.eu\/es\/menciones-legales\/#breadcrumb\"},\"inLanguage\":\"es\",\"potentialAction\":[{\"@type\":\"ReadAction\",\"target\":[\"https:\/\/flavoureat.eu\/es\/menciones-legales\/\"]}]},{\"@type\":\"BreadcrumbList\",\"@id\":\"https:\/\/flavoureat.eu\/es\/menciones-legales\/#breadcrumb\",\"itemListElement\":[{\"@type\":\"ListItem\",\"position\":1,\"name\":\"Accueil\",\"item\":\"https:\/\/flavoureat.eu\/es\/\"},{\"@type\":\"ListItem\",\"position\":2,\"name\":\"Menciones legales\"}]},{\"@type\":\"WebSite\",\"@id\":\"https:\/\/flavoureat.eu\/#website\",\"url\":\"https:\/\/flavoureat.eu\/\",\"name\":\"Flavour Eat\",\"description\":\"Just another WordPress site\",\"potentialAction\":[{\"@type\":\"SearchAction\",\"target\":{\"@type\":\"EntryPoint\",\"urlTemplate\":\"https:\/\/flavoureat.eu\/?s={search_term_string}\"},\"query-input\":\"required name=search_term_string\"}],\"inLanguage\":\"es\"}]}<\/script>\n<!-- \/ Yoast SEO plugin. -->","yoast_head_json":{"title":"Menciones legales - Flavour Eat","robots":{"index":"index","follow":"follow","max-snippet":"max-snippet:-1","max-image-preview":"max-image-preview:large","max-video-preview":"max-video-preview:-1"},"canonical":"https:\/\/flavoureat.eu\/es\/menciones-legales\/","og_locale":"es_ES","og_type":"article","og_title":"Menciones legales - Flavour Eat","og_description":"Este sitio (el \u00abSitio\u00bb) es publicado por Hana Group SAS con un capital de 32&nbsp;966&nbsp;867,44 euros, registrado en el Registro Mercantil y de Empresas de Nanterre con el n\u00famero 810&nbsp;668 145, cuyo domicilio social se encuentra en 101-109 rue Jean Jaur\u00e8s, 92300 Levallois-Perret, Francia. Tel\u00e9fono: + 33 1 84 76 02 80. El Director de [&hellip;]","og_url":"https:\/\/flavoureat.eu\/es\/menciones-legales\/","og_site_name":"Flavour Eat","article_modified_time":"2022-12-09T15:35:09+00:00","twitter_card":"summary_large_image","twitter_misc":{"Est. reading time":"1 minuto"},"schema":{"@context":"https:\/\/schema.org","@graph":[{"@type":"WebPage","@id":"https:\/\/flavoureat.eu\/es\/menciones-legales\/","url":"https:\/\/flavoureat.eu\/es\/menciones-legales\/","name":"Menciones legales - Flavour Eat","isPartOf":{"@id":"https:\/\/flavoureat.eu\/#website"},"datePublished":"2020-05-08T21:29:00+00:00","dateModified":"2022-12-09T15:35:09+00:00","breadcrumb":{"@id":"https:\/\/flavoureat.eu\/es\/menciones-legales\/#breadcrumb"},"inLanguage":"es","potentialAction":[{"@type":"ReadAction","target":["https:\/\/flavoureat.eu\/es\/menciones-legales\/"]}]},{"@type":"BreadcrumbList","@id":"https:\/\/flavoureat.eu\/es\/menciones-legales\/#breadcrumb","itemListElement":[{"@type":"ListItem","position":1,"name":"Accueil","item":"https:\/\/flavoureat.eu\/es\/"},{"@type":"ListItem","position":2,"name":"Menciones legales"}]},{"@type":"WebSite","@id":"https:\/\/flavoureat.eu\/#website","url":"https:\/\/flavoureat.eu\/","name":"Flavour Eat","description":"Just another WordPress site","potentialAction":[{"@type":"SearchAction","target":{"@type":"EntryPoint","urlTemplate":"https:\/\/flavoureat.eu\/?s={search_term_string}"},"query-input":"required name=search_term_string"}],"inLanguage":"es"}]}},"_links":{"self":[{"href":"https:\/\/flavoureat.eu\/es\/wp-json\/wp\/v2\/pages\/6111"}],"collection":[{"href":"https:\/\/flavoureat.eu\/es\/wp-json\/wp\/v2\/pages"}],"about":[{"href":"https:\/\/flavoureat.eu\/es\/wp-json\/wp\/v2\/types\/page"}],"author":[{"embeddable":true,"href":"https:\/\/flavoureat.eu\/es\/wp-json\/wp\/v2\/users\/1"}],"replies":[{"embeddable":true,"href":"https:\/\/flavoureat.eu\/es\/wp-json\/wp\/v2\/comments?post=6111"}],"version-history":[{"count":1,"href":"https:\/\/flavoureat.eu\/es\/wp-json\/wp\/v2\/pages\/6111\/revisions"}],"predecessor-version":[{"id":6113,"href":"https:\/\/flavoureat.eu\/es\/wp-json\/wp\/v2\/pages\/6111\/revisions\/6113"}],"wp:attachment":[{"href":"https:\/\/flavoureat.eu\/es\/wp-json\/wp\/v2\/media?parent=6111"}],"curies":[{"name":"wp","href":"https:\/\/api.w.org\/{rel}","templated":true}]}}