{"id":5915,"date":"2020-05-08T21:29:00","date_gmt":"2020-05-08T21:29:00","guid":{"rendered":"https:\/\/flavoureat.sushigourmet.eu\/mentions-legales\/"},"modified":"2022-12-07T13:47:45","modified_gmt":"2022-12-07T13:47:45","slug":"mentions-legales","status":"publish","type":"page","link":"https:\/\/flavoureat.eu\/it\/mentions-legales\/","title":{"rendered":"Notizie   legali"},"content":{"rendered":"\n<p>Questo sito (il \u201cSito\u201d) \u00e8 pubblicato da Hana Group SAS con un capitale di 32.966.867,44 euro, iscritta al Registro del Commercio e delle Societ\u00e0 di Nanterre con il numero 810 668 145, la cui sede legale \u00e8 situata al 101- 109 rue Jean Jaur\u00e8s, 92300 Levallois-Perret, Francia. Tel: + 33 1 84 76 02 80.<\/p>\n\n\n\n<p>Il sito \u00e8 ospitato da KINSTA Inc, la cui sede legale si trova a 8605 Santa Monica Blvd #92581, West Hollywood, CA 90069, USA. Tel: +44 20 3239 3173.<\/p>\n","protected":false},"excerpt":{"rendered":"<p>Questo sito (il \u201cSito\u201d) \u00e8 pubblicato da Hana Group SAS con un capitale di 32.966.867,44 euro, iscritta al Registro del Commercio e delle Societ\u00e0 di Nanterre con il numero 810 668 145, la cui sede legale \u00e8 situata al 101- 109 rue Jean Jaur\u00e8s, 92300 Levallois-Perret, Francia. Tel: + 33 1 84 76 02 80. [&hellip;]<\/p>\n","protected":false},"author":1,"featured_media":0,"parent":0,"menu_order":0,"comment_status":"closed","ping_status":"closed","template":"","meta":{"_acf_changed":false,"footnotes":""},"class_list":["post-5915","page","type-page","status-publish","hentry"],"acf":[],"yoast_head":"<!-- This site is optimized with the Yoast SEO plugin v22.1 - https:\/\/yoast.com\/wordpress\/plugins\/seo\/ -->\n<title>Notizie  legali - Flavour Eat<\/title>\n<meta name=\"robots\" content=\"index, follow, max-snippet:-1, max-image-preview:large, max-video-preview:-1\" \/>\n<link rel=\"canonical\" href=\"https:\/\/flavoureat.eu\/it\/mentions-legales\/\" \/>\n<meta property=\"og:locale\" content=\"it_IT\" \/>\n<meta property=\"og:type\" content=\"article\" \/>\n<meta property=\"og:title\" content=\"Notizie  legali - Flavour Eat\" \/>\n<meta property=\"og:description\" content=\"Questo sito (il \u201cSito\u201d) \u00e8 pubblicato da Hana Group SAS con un capitale di 32.966.867,44 euro, iscritta al Registro del Commercio e delle Societ\u00e0 di Nanterre con il numero 810 668 145, la cui sede legale \u00e8 situata al 101- 109 rue Jean Jaur\u00e8s, 92300 Levallois-Perret, Francia. Tel: + 33 1 84 76 02 80. [&hellip;]\" \/>\n<meta property=\"og:url\" content=\"https:\/\/flavoureat.eu\/it\/mentions-legales\/\" \/>\n<meta property=\"og:site_name\" content=\"Flavour Eat\" \/>\n<meta property=\"article:modified_time\" content=\"2022-12-07T13:47:45+00:00\" \/>\n<meta name=\"twitter:card\" content=\"summary_large_image\" \/>\n<meta name=\"twitter:label1\" content=\"Est. reading time\" \/>\n\t<meta name=\"twitter:data1\" content=\"1 minuto\" \/>\n<script type=\"application\/ld+json\" class=\"yoast-schema-graph\">{\"@context\":\"https:\/\/schema.org\",\"@graph\":[{\"@type\":\"WebPage\",\"@id\":\"https:\/\/flavoureat.eu\/it\/mentions-legales\/\",\"url\":\"https:\/\/flavoureat.eu\/it\/mentions-legales\/\",\"name\":\"Notizie legali - Flavour Eat\",\"isPartOf\":{\"@id\":\"https:\/\/flavoureat.eu\/#website\"},\"datePublished\":\"2020-05-08T21:29:00+00:00\",\"dateModified\":\"2022-12-07T13:47:45+00:00\",\"breadcrumb\":{\"@id\":\"https:\/\/flavoureat.eu\/it\/mentions-legales\/#breadcrumb\"},\"inLanguage\":\"it-IT\",\"potentialAction\":[{\"@type\":\"ReadAction\",\"target\":[\"https:\/\/flavoureat.eu\/it\/mentions-legales\/\"]}]},{\"@type\":\"BreadcrumbList\",\"@id\":\"https:\/\/flavoureat.eu\/it\/mentions-legales\/#breadcrumb\",\"itemListElement\":[{\"@type\":\"ListItem\",\"position\":1,\"name\":\"Accueil\",\"item\":\"https:\/\/flavoureat.eu\/it\/\"},{\"@type\":\"ListItem\",\"position\":2,\"name\":\"Notizie legali\"}]},{\"@type\":\"WebSite\",\"@id\":\"https:\/\/flavoureat.eu\/#website\",\"url\":\"https:\/\/flavoureat.eu\/\",\"name\":\"Flavour Eat\",\"description\":\"Just another WordPress site\",\"potentialAction\":[{\"@type\":\"SearchAction\",\"target\":{\"@type\":\"EntryPoint\",\"urlTemplate\":\"https:\/\/flavoureat.eu\/?s={search_term_string}\"},\"query-input\":\"required name=search_term_string\"}],\"inLanguage\":\"it-IT\"}]}<\/script>\n<!-- \/ Yoast SEO plugin. -->","yoast_head_json":{"title":"Notizie  legali - Flavour Eat","robots":{"index":"index","follow":"follow","max-snippet":"max-snippet:-1","max-image-preview":"max-image-preview:large","max-video-preview":"max-video-preview:-1"},"canonical":"https:\/\/flavoureat.eu\/it\/mentions-legales\/","og_locale":"it_IT","og_type":"article","og_title":"Notizie  legali - Flavour Eat","og_description":"Questo sito (il \u201cSito\u201d) \u00e8 pubblicato da Hana Group SAS con un capitale di 32.966.867,44 euro, iscritta al Registro del Commercio e delle Societ\u00e0 di Nanterre con il numero 810 668 145, la cui sede legale \u00e8 situata al 101- 109 rue Jean Jaur\u00e8s, 92300 Levallois-Perret, Francia. Tel: + 33 1 84 76 02 80. [&hellip;]","og_url":"https:\/\/flavoureat.eu\/it\/mentions-legales\/","og_site_name":"Flavour Eat","article_modified_time":"2022-12-07T13:47:45+00:00","twitter_card":"summary_large_image","twitter_misc":{"Est. reading time":"1 minuto"},"schema":{"@context":"https:\/\/schema.org","@graph":[{"@type":"WebPage","@id":"https:\/\/flavoureat.eu\/it\/mentions-legales\/","url":"https:\/\/flavoureat.eu\/it\/mentions-legales\/","name":"Notizie legali - Flavour Eat","isPartOf":{"@id":"https:\/\/flavoureat.eu\/#website"},"datePublished":"2020-05-08T21:29:00+00:00","dateModified":"2022-12-07T13:47:45+00:00","breadcrumb":{"@id":"https:\/\/flavoureat.eu\/it\/mentions-legales\/#breadcrumb"},"inLanguage":"it-IT","potentialAction":[{"@type":"ReadAction","target":["https:\/\/flavoureat.eu\/it\/mentions-legales\/"]}]},{"@type":"BreadcrumbList","@id":"https:\/\/flavoureat.eu\/it\/mentions-legales\/#breadcrumb","itemListElement":[{"@type":"ListItem","position":1,"name":"Accueil","item":"https:\/\/flavoureat.eu\/it\/"},{"@type":"ListItem","position":2,"name":"Notizie legali"}]},{"@type":"WebSite","@id":"https:\/\/flavoureat.eu\/#website","url":"https:\/\/flavoureat.eu\/","name":"Flavour Eat","description":"Just another WordPress site","potentialAction":[{"@type":"SearchAction","target":{"@type":"EntryPoint","urlTemplate":"https:\/\/flavoureat.eu\/?s={search_term_string}"},"query-input":"required name=search_term_string"}],"inLanguage":"it-IT"}]}},"_links":{"self":[{"href":"https:\/\/flavoureat.eu\/it\/wp-json\/wp\/v2\/pages\/5915"}],"collection":[{"href":"https:\/\/flavoureat.eu\/it\/wp-json\/wp\/v2\/pages"}],"about":[{"href":"https:\/\/flavoureat.eu\/it\/wp-json\/wp\/v2\/types\/page"}],"author":[{"embeddable":true,"href":"https:\/\/flavoureat.eu\/it\/wp-json\/wp\/v2\/users\/1"}],"replies":[{"embeddable":true,"href":"https:\/\/flavoureat.eu\/it\/wp-json\/wp\/v2\/comments?post=5915"}],"version-history":[{"count":2,"href":"https:\/\/flavoureat.eu\/it\/wp-json\/wp\/v2\/pages\/5915\/revisions"}],"predecessor-version":[{"id":6023,"href":"https:\/\/flavoureat.eu\/it\/wp-json\/wp\/v2\/pages\/5915\/revisions\/6023"}],"wp:attachment":[{"href":"https:\/\/flavoureat.eu\/it\/wp-json\/wp\/v2\/media?parent=5915"}],"curies":[{"name":"wp","href":"https:\/\/api.w.org\/{rel}","templated":true}]}}