{"id":5943,"date":"2020-05-08T21:29:31","date_gmt":"2020-05-08T21:29:31","guid":{"rendered":"https:\/\/flavoureat.sushigourmet.eu\/politique-generale-de-la-confidentialite-des-donnees\/"},"modified":"2022-12-07T13:50:32","modified_gmt":"2022-12-07T13:50:32","slug":"politique-generale-de-la-confidentialite-des-donnees","status":"publish","type":"page","link":"https:\/\/flavoureat.eu\/it\/politique-generale-de-la-confidentialite-des-donnees\/","title":{"rendered":"Informativa   generale sulla policy dei dati"},"content":{"rendered":"\n<h4 class=\"wp-block-heading\"><strong>INFORMATIVA CONTATTI<\/strong><strong><\/strong><\/h4>\n\n\n\n<p>Informativa ai sensi dell\u2019art. 13 del Regolamento (UE) 2016\/679<\/p>\n\n\n\n<p>Ai sensi dell\u2019art. 13 del Regolamento (UE) 2016\/679 (Regolamento Generale sulla Protezione dei Dati, c.d. GDPR), La informiamo che i Suoi dati personali saranno trattati da HANA GROUP ITALIA S.r.l., Titolare del trattamento, al solo fine di dare riscontro alla Sua richiesta di essere ricontattato. Qualora alla Sua richiesta non seguano ulteriori rapporti, i Suoi dati saranno conservati per un periodo massimo di ventiquattro mesi. Base giuridica del trattamento \u00e8 il consenso dell\u2019interessato (art. 6, comma 1, lett. a) del GDPR) manifestato nell\u2019atto positivo inequivocabile dell\u2019inserimento dei dati nel form \u201ccontatti\u201d. Il conferimento dei Suoi dati personali \u00e8 libero, tuttavia il mancato conferimento dei dati richiesti ci impedir\u00e0 di riscontrare con efficacia la Sua richiesta. Qualora decida di fornirci i Suoi dati, la informiamo che questi saranno trattati da personale autorizzato dal Titolare del trattamento, anche per il tramite di outsourcers e sub outsourcers. In nessun caso i Suoi dati saranno diffusi ma la informiamo che potranno essere comunicati a terzi soggetti che svolgono, per conto del Titolare stesso, specifici servizi volti a garantirci il corretto perseguimento delle citate finalit\u00e0.<\/p>\n\n\n\n<p>La vigente normativa riconosce all\u2019Interessato numerosi diritti; tra questi, il diritto di chiedere al titolare del trattamento l\u2019accesso ai dati e la rettifica o la cancellazione degli stessi o la limitazione del trattamento che lo riguardano o di opporsi al loro trattamento, oltre al diritto alla portabilit\u00e0 dei dati; il diritto di revocare il consenso in qualsiasi momento senza pregiudicare la liceit\u00e0 del trattamento basato sul consenso prestato prima della revoca, Per esercitare i diritti indicati \u00e8 possibile scrivere una mail a&nbsp;<a href=\"mailto:privacy@hanagroup.it\">privacy@hanagroup.it<\/a>&nbsp;oppure inviare una raccomandata al Titolare del trattamento. Il GDPR prevede altres\u00ec il diritto di proporre reclamo all\u2019Autorit\u00e0 Garante per la protezione dei dati personali.<\/p>\n\n\n\n<p>Titolare del trattamento \u00e8 Hana Group Italia S.r.l., con sede in Via Uberto Visconti di Modrone 11, 20122, Milano (MI), e-mail&nbsp;<a href=\"mailto:privacy@hanagroup.it\">privacy@hanagroup.it<\/a>.<\/p>\n\n\n\n<h4 class=\"wp-block-heading\"><strong>INFORMATIVA NEWSLETTER<\/strong><\/h4>\n\n\n\n<p>Ai sensi dell\u2019art. 13 del Regolamento (UE) 679\/2016 (General Data Protection Regulation), La informiamo che il Suo indirizzo e-mail \u2013 potenzialmente idoneo a rivelare Suoi dati personali \u2013 sar\u00e0 trattato da Hana Group Italia S.r.l., Titolare del trattamento, al solo fine di dare seguito alla Sua richiesta di ricevere la nostra newsletter. Base giuridica del trattamento \u00e8 il consenso dell\u2019interessato, da Lei espresso mediante il comportamento inequivoco dell\u2019inserimento dell\u2019indirizzo e-mail nel form dedicato. Il dato sar\u00e0 conservato ed utilizzato fino a quando Lei non indicher\u00e0 di non volerla pi\u00f9 ricevere (salvo diversi obblighi di legge). Il conferimento dell\u2019indirizzo email \u00e8 libero, tuttavia il mancato conferimento ci impedir\u00e0 di riscontrare la Sua richiesta. In nessun caso il dato sar\u00e0 diffuso ma La informiamo che potr\u00e0 essere comunicato a terzi soggetti che svolgono, per conto del Titolare stesso, specifici servizi per l\u2019invio della newsletter. La vigente normativa riconosce all\u2019Interessato numerosi diritti; tra questi, il diritto di chiedere al titolare del trattamento l\u2019accesso ai dati e la rettifica o la cancellazione degli stessi o la limitazione del trattamento che lo riguardano o di opporsi al loro trattamento, oltre al diritto alla portabilit\u00e0 dei dati. Per esercitare i diritti indicati \u00e8 possibile scrivere una mail a privacy@hanagroup.it oppure una raccomandata al Titolare del trattamento, agli indirizzi riportati nella medesima pagina contatti. Il Regolamento prevede altres\u00ec il diritto di proporre reclamo all\u2019Autorit\u00e0 Garante per la protezione dei dati personali.<\/p>\n\n\n\n<p>Titolare del trattamento \u00e8 Hana Group Italia S.r.l., con sede in Via Uberto Visconti di Modrone 11, 20122, Milano (MI), e-mail&nbsp;<a href=\"mailto:privacy@hanagroup.it\">privacy@hanagroup.it<\/a>.<\/p>\n\n\n\n<h4 class=\"wp-block-heading\"><strong>INFORMATIVA RECLUTAMENTO<\/strong><\/h4>\n\n\n\n<p><strong>Informativa al trattamento dei dati personali ai sensi dell\u2019art. 13 del Regolamento (UE) 2016\/679<\/strong><\/p>\n\n\n\n<p>Gentile Signora \/ Egregio Signore,<\/p>\n\n\n\n<p>ai sensi dell\u2019articolo 13 del Regolamento (UE) 2016\/679 del Parlamento Europeo e del Consiglio del 27 aprile 2016 relativo alla protezione delle persone fisiche con riguardo al trattamento dei dati personali, nonch\u00e9 alla libera circolazione di tali dati (<em>General Data Protection Regulation<\/em>, in seguito \u201c<strong>GDPR<\/strong>\u201d o \u201c<strong>Regolamento<\/strong>\u201d) \u2013 La informiamo che i Suoi dati personali da Lei forniti alla nostra Societ\u00e0, preventivamente all\u2019instaurazione del rapporto di lavoro (in seguito \u201c<strong>Dati<\/strong>\u201d), formeranno oggetto, nel rispetto della normativa sopra richiamata e conformemente agli obblighi di riservatezza cui \u00e8 ispirata l\u2019attivit\u00e0 della nostra Societ\u00e0, del trattamento di cui all\u2019art. 4 del GDPR. Desideriamo in particolare informarLa di quanto segue:<\/p>\n\n\n\n<p><strong>a. Dati relativi al Titolare del trattamento<\/strong><\/p>\n\n\n\n<p>Titolare del trattamento \u00e8 Hana Group Italia S.r.l., con sede in Via Uberto Visconti di Modrone 11, 20122, Milano (MI).<\/p>\n\n\n\n<p><strong>b. Finalit\u00e0 e Modalit\u00e0 del trattamento<\/strong><\/p>\n\n\n\n<p>La raccolta ed il trattamento dei Dati riferiti all\u2019Interessato sono effettuati al fine di consentire a questa Societ\u00e0di condurre le seguenti attivit\u00e0: selezione del personale.<\/p>\n\n\n\n<p>Base giuridica legittimante il trattamento \u00e8 l\u2019esecuzione di misure precontrattuali, ai sensi dell\u2019art. 6, comma 1, lett. b) del GDPR.<\/p>\n\n\n\n<p>I dati personali dell\u2019Interessato saranno trattati da personale autorizzato ai sensi dell\u2019articolo 29 del GDPR.<\/p>\n\n\n\n<p>I Dati potranno essere raccolti anche presso terzi, nel qual caso sar\u00e0 nostra cura procedere tempestivamente ad informarVi, come previsto dall\u2019articolo 14 del GDPR.<\/p>\n\n\n\n<p>Il trattamento dei Dati per dette finalit\u00e0 avr\u00e0 luogo con modalit\u00e0 informatiche e manuali, in base a criteri logici compatibili e funzionali alle finalit\u00e0 per cui i dati sono stati raccolti, nel rispetto delle regole di riservatezza e di sicurezza previste dalla legge e dai regolamenti interni aziendali. Alcuni Dati potrebbero essere altres\u00ec trattati per conto della Societ\u00e0 da terze aziende, enti o professionisti che, in qualit\u00e0 di Responsabili del trattamento in outsourcing, svolgono specifici servizi elaborativi o attivit\u00e0 complementari alle nostre. I Dati riferiti all\u2019Interessato sono, o sono stati, forniti alla Societ\u00e0 dallo stesso Interessato.<\/p>\n\n\n\n<p><strong>c. Categorie di destinatari dei dati personali<\/strong><\/p>\n\n\n\n<p>I Dati, o alcuni di essi, possono essere comunicati alle seguenti persone o enti che all\u2019uopo possono effettuare operazioni di trattamento per nostro conto:<\/p>\n\n\n\n<p>\u2013 consulenti e liberi professionisti, anche in forma associata;<\/p>\n\n\n\n<p>\u2013 societ\u00e0 collegate.<\/p>\n\n\n\n<p>I Dati non saranno diffusi in alcun modo.<\/p>\n\n\n\n<p><strong>d. Trasferimento dei dati personali in un Paese Terzo<\/strong><\/p>\n\n\n\n<p>Non sono previsti trasferimenti dei suoi dati fuori dall\u2019Unione Europea; qualora ne fosse previsto il trasferimento, lo stesso avverrebbe solo a condizione che sia garantito il rispetto delle disposizioni normative vigenti o quando sia strettamente necessario per adempiere ad obblighi di legge o al contratto di cui l\u2019interessato \u00e8 parte.<\/p>\n\n\n\n<p><strong>e. Periodo di Conservazione<\/strong><\/p>\n\n\n\n<p>I curricula ricevuti e i Dati saranno cancellati al termine dell\u2019anno solare successivo a quello di ricezione; qualora lei fosse ancora interessato a proporci la sua candidatura dovr\u00e0 necessariamente effettuare un nuovo invio.<\/p>\n\n\n\n<p><strong>f. Diritti dell\u2019Interessato<\/strong><\/p>\n\n\n\n<p>La vigente normativa riconosce all\u2019Interessato numerosi diritti che La invitiamo a considerare attentamente. Tra questi, Le ricordiamo i diritti di:<\/p>\n\n\n\n<p>1. Accessa alla seguenti informazioni:<\/p>\n\n\n\n<p>a. finalit\u00e0 del trattamento,<\/p>\n\n\n\n<p>b. categorie di dati personali in questione,<\/p>\n\n\n\n<p>c. destinatari o categorie di destinatari a cui tali dati personali sono stati o saranno comunicati, in particolare se destinatari di paesi terzi o organizzazioni internazionali,<\/p>\n\n\n\n<p>d. esistenza del diritto dell\u2019interessato di chiedere al titolare del trattamento la rettifica o cancellazione dei dati personali o limitazione del trattamento dei dati personali che lo riguardano o di opporsi al loro trattamento;<\/p>\n\n\n\n<p>2. Rettifica, con ci\u00f2 intendendo:<\/p>\n\n\n\n<p>a. correzione dei dati personali inesatti che lo riguardano senza giustificato ritardo,<\/p>\n\n\n\n<p>b. integrazione dei dati personali incompleti, anche fornendo una dichiarazione integrativa;<\/p>\n\n\n\n<p>3. Cancellazione dei dati che la riguardano senza ingiustificato ritardo, se:<\/p>\n\n\n\n<p>a. i dati non sono pi\u00f9 necessari rispetto alle finalit\u00e0 per le quali sono stati raccolti o altrimenti trattati,<\/p>\n\n\n\n<p>b. \u00e8 formulata una revoca del consenso e non sussiste altro fondamento giuridico per il trattamento,<\/p>\n\n\n\n<p>c. lei si oppone al trattamento e non sussiste alcun motivo legittimo prevalente per procedere al trattamento,<\/p>\n\n\n\n<p>d. i dati personali sono stati trattati illecitamente,<\/p>\n\n\n\n<p>e. i dati personali devono essere cancellati per adempiere un obbligo legale,<\/p>\n\n\n\n<p>f. i dati personali sono stati raccolti relativamente all\u2019offerta di servizi della societ\u00e0 dell\u2019informazione;<\/p>\n\n\n\n<p>4. Limitazione del trattamento:<\/p>\n\n\n\n<p>a. qualora contesti l\u2019esattezza dei dati personali, per il periodo necessario al titolare del trattamento di verificare l\u2019esattezza di tali dati personali<\/p>\n\n\n\n<p>b. quando il trattamento \u00e8 illecito e l\u2019interessato si oppone alla cancellazione dei dati personali e chiede invece che ne sia limitato l\u2019utilizzo,<\/p>\n\n\n\n<p>c. quando i dati personali sono necessari all\u2019interessato per l\u2019accertamento, l\u2019esercizio o la difesa di un diritto in sede giudiziaria, bench\u00e9 il titolare non ne abbia pi\u00f9 bisogno ai fini del trattamento,<\/p>\n\n\n\n<p>d. qualora lei si opponga al trattamento in virt\u00f9 del diritto di opposizione;<\/p>\n\n\n\n<p>5. Ricevere notifica in caso di avvenuta rettifica o cancellazione dei dati personali o limitazione del trattamento;<\/p>\n\n\n\n<p>6. Portabilit\u00e0 dei dati, ovvero diritto di ricevere in un formato strutturato, di uso comune e leggibile da dispositivo automatico i dati personali che la riguardano e ha il diritto di trasmettere tali dati a un altro titolare del trattamento, qualora:<\/p>\n\n\n\n<p>a. il trattamento si basi sul consenso espresso dell\u2019interessato per una o pi\u00f9 specifiche finalit\u00e0 o avvenga in ragione di un contratto siglato con l\u2019interessato e<\/p>\n\n\n\n<p>b. il trattamento sia effettuato con mezzi automatizzati;<\/p>\n\n\n\n<p>7. Opposizione in qualunque momento, per motivi connessi alla sua situazione particolare, al trattamento dei dati personali che lo riguardano.<\/p>\n\n\n\n<p>Per esercitare i diritti suesposti pu\u00f2 rivolgersi al Titolare del trattamento, inviando una raccomandata A\/R all\u2019indirizzo indicato o una email all\u2019indirizzo privacy@hanagroup.it.<\/p>\n\n\n\n<p>Lei ha il diritto di proporre reclamo all\u2019Autorit\u00e0 Garante per la protezione dei dati personali qualora ritenesse che i diritti qui indicati non le siano stati riconosciuti.<strong><\/strong><\/p>\n\n\n\n<p><strong>g. Natura obbligatoria o facoltativa del conferimento dei Dati e conseguenze<\/strong><\/p>\n\n\n\n<p>Il conferimento dei dati personali per le suddette finalit\u00e0 \u00e8 strettamente necessario. Il mancato conferimento dei Dati, in tutto o in parte, potrebbe impedire lo svolgimento delle attivit\u00e0 di selezione del personale o non rendere disponibili informazioni utili per la valutazione della Sua candidatura per le posizioni lavorative disponibili.<\/p>\n\n\n\n<h4 class=\"wp-block-heading\"><strong>INFORMATIVA CLICK &amp; COLLECT<\/strong><\/h4>\n\n\n\n<p>Informativa ai sensi dell\u2019art. 13 del Regolamento (UE) 2016\/679<\/p>\n\n\n\n<p>Ai sensi dell\u2019art. 13 del Regolamento (UE) 2016\/679 (Regolamento Generale sulla Protezione dei Dati, c.d. GDPR), La informiamo che i Suoi dati personali saranno trattati da HANA GROUP ITALIA S.r.l., Titolare del trattamento, al fine di gestire e di dare riscontro alla Sua richiesta di ordine. Se alla Sua richiesta non seguiranno ulteriori rapporti, i Suoi dati saranno conservati per un periodo massimo di ventiquattro mesi. Base giuridica del trattamento \u00e8 il consenso dell\u2019interessato (art. 6, comma 1, lett. a) del GDPR) manifestato nell\u2019atto positivo inequivocabile dell\u2019inserimento dei dati nel form \u201cclick &amp; collect\u201d. Il conferimento dei Suoi dati personali \u00e8 libero, tuttavia il mancato conferimento dei dati richiesti ci impedir\u00e0 di riscontrare con efficacia la Sua richiesta. Qualora decida di fornirci i Suoi dati, la informiamo che questi saranno trattati da personale autorizzato dal Titolare del trattamento, anche per il tramite di outsourcers e sub outsourcers. In nessun caso i Suoi dati saranno diffusi ma la informiamo che potranno essere comunicati a terzi soggetti che svolgono, per conto del Titolare stesso, specifici servizi volti a garantirci il corretto perseguimento delle citate finalit\u00e0.<\/p>\n\n\n\n<p>La vigente normativa riconosce all\u2019Interessato numerosi diritti; tra questi, il diritto di chiedere al titolare del trattamento l\u2019accesso ai dati e la rettifica o la cancellazione degli stessi o la limitazione del trattamento che lo riguardano o di opporsi al loro trattamento, oltre al diritto alla portabilit\u00e0 dei dati; il diritto di revocare il consenso in qualsiasi momento senza pregiudicare la liceit\u00e0 del trattamento basato sul consenso prestato prima della revoca. Per esercitare i diritti indicati \u00e8 possibile scrivere una mail a&nbsp;<a href=\"mailto:privacy@hanagroup.it\">privacy@hanagroup.it<\/a>&nbsp;oppure inviare una raccomandata al Titolare del trattamento<\/p>\n\n\n\n<p>Il GDPR prevede altres\u00ec il diritto di proporre reclamo all\u2019Autorit\u00e0 Garante per la protezione dei dati personali.<\/p>\n\n\n\n<p>Titolare del trattamento \u00e8 Hana Group Italia S.r.l., con sede in Via Uberto Visconti di Modrone 11, 20122, Milano (MI), e-mail&nbsp;<a href=\"mailto:privacy@hanagroup.it\">privacy@hanagroup.it<\/a>.<\/p>\n","protected":false},"excerpt":{"rendered":"<p>INFORMATIVA CONTATTI Informativa ai sensi dell\u2019art. 13 del Regolamento (UE) 2016\/679 Ai sensi dell\u2019art. 13 del Regolamento (UE) 2016\/679 (Regolamento Generale sulla Protezione dei Dati, c.d. GDPR), La informiamo che i Suoi dati personali saranno trattati da HANA GROUP ITALIA S.r.l., Titolare del trattamento, al solo fine di dare riscontro alla Sua richiesta di essere [&hellip;]<\/p>\n","protected":false},"author":1,"featured_media":0,"parent":0,"menu_order":0,"comment_status":"closed","ping_status":"closed","template":"","meta":{"_acf_changed":false,"footnotes":""},"class_list":["post-5943","page","type-page","status-publish","hentry"],"acf":[],"yoast_head":"<!-- This site is optimized with the Yoast SEO plugin v22.1 - https:\/\/yoast.com\/wordpress\/plugins\/seo\/ -->\n<title>Informativa  generale sulla policy dei dati - Flavour Eat<\/title>\n<meta name=\"robots\" content=\"index, follow, max-snippet:-1, max-image-preview:large, max-video-preview:-1\" \/>\n<link rel=\"canonical\" href=\"https:\/\/flavoureat.eu\/it\/politique-generale-de-la-confidentialite-des-donnees\/\" \/>\n<meta property=\"og:locale\" content=\"it_IT\" \/>\n<meta property=\"og:type\" content=\"article\" \/>\n<meta property=\"og:title\" content=\"Informativa  generale sulla policy dei dati - Flavour Eat\" \/>\n<meta property=\"og:description\" content=\"INFORMATIVA CONTATTI Informativa ai sensi dell\u2019art. 13 del Regolamento (UE) 2016\/679 Ai sensi dell\u2019art. 13 del Regolamento (UE) 2016\/679 (Regolamento Generale sulla Protezione dei Dati, c.d. GDPR), La informiamo che i Suoi dati personali saranno trattati da HANA GROUP ITALIA S.r.l., Titolare del trattamento, al solo fine di dare riscontro alla Sua richiesta di essere [&hellip;]\" \/>\n<meta property=\"og:url\" content=\"https:\/\/flavoureat.eu\/it\/politique-generale-de-la-confidentialite-des-donnees\/\" \/>\n<meta property=\"og:site_name\" content=\"Flavour Eat\" \/>\n<meta property=\"article:modified_time\" content=\"2022-12-07T13:50:32+00:00\" \/>\n<meta name=\"twitter:card\" content=\"summary_large_image\" \/>\n<meta name=\"twitter:label1\" content=\"Est. reading time\" \/>\n\t<meta name=\"twitter:data1\" content=\"10 minuti\" \/>\n<script type=\"application\/ld+json\" class=\"yoast-schema-graph\">{\"@context\":\"https:\/\/schema.org\",\"@graph\":[{\"@type\":\"WebPage\",\"@id\":\"https:\/\/flavoureat.eu\/it\/politique-generale-de-la-confidentialite-des-donnees\/\",\"url\":\"https:\/\/flavoureat.eu\/it\/politique-generale-de-la-confidentialite-des-donnees\/\",\"name\":\"Informativa generale sulla policy dei dati - Flavour Eat\",\"isPartOf\":{\"@id\":\"https:\/\/flavoureat.eu\/#website\"},\"datePublished\":\"2020-05-08T21:29:31+00:00\",\"dateModified\":\"2022-12-07T13:50:32+00:00\",\"breadcrumb\":{\"@id\":\"https:\/\/flavoureat.eu\/it\/politique-generale-de-la-confidentialite-des-donnees\/#breadcrumb\"},\"inLanguage\":\"it-IT\",\"potentialAction\":[{\"@type\":\"ReadAction\",\"target\":[\"https:\/\/flavoureat.eu\/it\/politique-generale-de-la-confidentialite-des-donnees\/\"]}]},{\"@type\":\"BreadcrumbList\",\"@id\":\"https:\/\/flavoureat.eu\/it\/politique-generale-de-la-confidentialite-des-donnees\/#breadcrumb\",\"itemListElement\":[{\"@type\":\"ListItem\",\"position\":1,\"name\":\"Accueil\",\"item\":\"https:\/\/flavoureat.eu\/it\/\"},{\"@type\":\"ListItem\",\"position\":2,\"name\":\"Informativa generale sulla policy dei dati\"}]},{\"@type\":\"WebSite\",\"@id\":\"https:\/\/flavoureat.eu\/#website\",\"url\":\"https:\/\/flavoureat.eu\/\",\"name\":\"Flavour Eat\",\"description\":\"Just another WordPress site\",\"potentialAction\":[{\"@type\":\"SearchAction\",\"target\":{\"@type\":\"EntryPoint\",\"urlTemplate\":\"https:\/\/flavoureat.eu\/?s={search_term_string}\"},\"query-input\":\"required name=search_term_string\"}],\"inLanguage\":\"it-IT\"}]}<\/script>\n<!-- \/ Yoast SEO plugin. -->","yoast_head_json":{"title":"Informativa  generale sulla policy dei dati - Flavour Eat","robots":{"index":"index","follow":"follow","max-snippet":"max-snippet:-1","max-image-preview":"max-image-preview:large","max-video-preview":"max-video-preview:-1"},"canonical":"https:\/\/flavoureat.eu\/it\/politique-generale-de-la-confidentialite-des-donnees\/","og_locale":"it_IT","og_type":"article","og_title":"Informativa  generale sulla policy dei dati - Flavour Eat","og_description":"INFORMATIVA CONTATTI Informativa ai sensi dell\u2019art. 13 del Regolamento (UE) 2016\/679 Ai sensi dell\u2019art. 13 del Regolamento (UE) 2016\/679 (Regolamento Generale sulla Protezione dei Dati, c.d. GDPR), La informiamo che i Suoi dati personali saranno trattati da HANA GROUP ITALIA S.r.l., Titolare del trattamento, al solo fine di dare riscontro alla Sua richiesta di essere [&hellip;]","og_url":"https:\/\/flavoureat.eu\/it\/politique-generale-de-la-confidentialite-des-donnees\/","og_site_name":"Flavour Eat","article_modified_time":"2022-12-07T13:50:32+00:00","twitter_card":"summary_large_image","twitter_misc":{"Est. reading time":"10 minuti"},"schema":{"@context":"https:\/\/schema.org","@graph":[{"@type":"WebPage","@id":"https:\/\/flavoureat.eu\/it\/politique-generale-de-la-confidentialite-des-donnees\/","url":"https:\/\/flavoureat.eu\/it\/politique-generale-de-la-confidentialite-des-donnees\/","name":"Informativa generale sulla policy dei dati - Flavour Eat","isPartOf":{"@id":"https:\/\/flavoureat.eu\/#website"},"datePublished":"2020-05-08T21:29:31+00:00","dateModified":"2022-12-07T13:50:32+00:00","breadcrumb":{"@id":"https:\/\/flavoureat.eu\/it\/politique-generale-de-la-confidentialite-des-donnees\/#breadcrumb"},"inLanguage":"it-IT","potentialAction":[{"@type":"ReadAction","target":["https:\/\/flavoureat.eu\/it\/politique-generale-de-la-confidentialite-des-donnees\/"]}]},{"@type":"BreadcrumbList","@id":"https:\/\/flavoureat.eu\/it\/politique-generale-de-la-confidentialite-des-donnees\/#breadcrumb","itemListElement":[{"@type":"ListItem","position":1,"name":"Accueil","item":"https:\/\/flavoureat.eu\/it\/"},{"@type":"ListItem","position":2,"name":"Informativa generale sulla policy dei dati"}]},{"@type":"WebSite","@id":"https:\/\/flavoureat.eu\/#website","url":"https:\/\/flavoureat.eu\/","name":"Flavour Eat","description":"Just another WordPress site","potentialAction":[{"@type":"SearchAction","target":{"@type":"EntryPoint","urlTemplate":"https:\/\/flavoureat.eu\/?s={search_term_string}"},"query-input":"required name=search_term_string"}],"inLanguage":"it-IT"}]}},"_links":{"self":[{"href":"https:\/\/flavoureat.eu\/it\/wp-json\/wp\/v2\/pages\/5943"}],"collection":[{"href":"https:\/\/flavoureat.eu\/it\/wp-json\/wp\/v2\/pages"}],"about":[{"href":"https:\/\/flavoureat.eu\/it\/wp-json\/wp\/v2\/types\/page"}],"author":[{"embeddable":true,"href":"https:\/\/flavoureat.eu\/it\/wp-json\/wp\/v2\/users\/1"}],"replies":[{"embeddable":true,"href":"https:\/\/flavoureat.eu\/it\/wp-json\/wp\/v2\/comments?post=5943"}],"version-history":[{"count":2,"href":"https:\/\/flavoureat.eu\/it\/wp-json\/wp\/v2\/pages\/5943\/revisions"}],"predecessor-version":[{"id":6025,"href":"https:\/\/flavoureat.eu\/it\/wp-json\/wp\/v2\/pages\/5943\/revisions\/6025"}],"wp:attachment":[{"href":"https:\/\/flavoureat.eu\/it\/wp-json\/wp\/v2\/media?parent=5943"}],"curies":[{"name":"wp","href":"https:\/\/api.w.org\/{rel}","templated":true}]}}